{"id":43,"date":"2020-03-31T18:04:35","date_gmt":"2020-03-31T18:04:35","guid":{"rendered":"http:\/\/gutshaus-gross-salitz.de\/?page_id=43"},"modified":"2023-01-15T11:23:40","modified_gmt":"2023-01-15T11:23:40","slug":"willkommen","status":"publish","type":"page","link":"https:\/\/gutshaus-gross-salitz.de\/","title":{"rendered":"Willkommen"},"content":{"rendered":"\n<p>Hier entsteht die Internetseite f\u00fcr das Gutshaus Gro\u00df Salitz! Wir bitten noch um etwas Geduld&#8230;.<\/p>\n\n\n\n<div class=\"wp-block-columns is-layout-flex wp-container-core-columns-is-layout-9d6595d7 wp-block-columns-is-layout-flex\">\n<div class=\"wp-block-column is-layout-flow wp-block-column-is-layout-flow\" style=\"flex-basis:33.33%\">\n<figure class=\"wp-block-image size-full\"><img loading=\"lazy\" decoding=\"async\" width=\"640\" height=\"479\" src=\"http:\/\/gutshaus-gross-salitz.de\/wp-content\/uploads\/2023\/01\/IMG-20230107-WA0002.jpg\" alt=\"\" class=\"wp-image-149\" srcset=\"https:\/\/gutshaus-gross-salitz.de\/wp-content\/uploads\/2023\/01\/IMG-20230107-WA0002.jpg 640w, https:\/\/gutshaus-gross-salitz.de\/wp-content\/uploads\/2023\/01\/IMG-20230107-WA0002-300x225.jpg 300w\" sizes=\"auto, (max-width: 640px) 85vw, 640px\" \/><\/figure>\n<\/div>\n\n\n\n<div class=\"wp-block-column is-layout-flow wp-block-column-is-layout-flow\" style=\"flex-basis:66.66%\">\n<p>[Begr\u00fc\u00dfungstext]<\/p>\n<\/div>\n<\/div>\n","protected":false},"excerpt":{"rendered":"<p>Hier entsteht die Internetseite f\u00fcr das Gutshaus Gro\u00df Salitz! Wir bitten noch um etwas Geduld&#8230;. [Begr\u00fc\u00dfungstext]<\/p>\n","protected":false},"author":1,"featured_media":0,"parent":0,"menu_order":0,"comment_status":"closed","ping_status":"closed","template":"","meta":{"footnotes":""},"class_list":["post-43","page","type-page","status-publish","hentry"],"_links":{"self":[{"href":"https:\/\/gutshaus-gross-salitz.de\/index.php?rest_route=\/wp\/v2\/pages\/43","targetHints":{"allow":["GET"]}}],"collection":[{"href":"https:\/\/gutshaus-gross-salitz.de\/index.php?rest_route=\/wp\/v2\/pages"}],"about":[{"href":"https:\/\/gutshaus-gross-salitz.de\/index.php?rest_route=\/wp\/v2\/types\/page"}],"author":[{"embeddable":true,"href":"https:\/\/gutshaus-gross-salitz.de\/index.php?rest_route=\/wp\/v2\/users\/1"}],"replies":[{"embeddable":true,"href":"https:\/\/gutshaus-gross-salitz.de\/index.php?rest_route=%2Fwp%2Fv2%2Fcomments&post=43"}],"version-history":[{"count":3,"href":"https:\/\/gutshaus-gross-salitz.de\/index.php?rest_route=\/wp\/v2\/pages\/43\/revisions"}],"predecessor-version":[{"id":150,"href":"https:\/\/gutshaus-gross-salitz.de\/index.php?rest_route=\/wp\/v2\/pages\/43\/revisions\/150"}],"wp:attachment":[{"href":"https:\/\/gutshaus-gross-salitz.de\/index.php?rest_route=%2Fwp%2Fv2%2Fmedia&parent=43"}],"curies":[{"name":"wp","href":"https:\/\/api.w.org\/{rel}","templated":true}]}}