{"id":2,"date":"2016-05-10T03:48:21","date_gmt":"2016-05-10T03:48:21","guid":{"rendered":"http:\/\/gutshaus-gross-salitz.de\/?page_id=2"},"modified":"2021-02-01T20:38:42","modified_gmt":"2021-02-01T20:38:42","slug":"sample-page","status":"publish","type":"page","link":"https:\/\/gutshaus-gross-salitz.de\/?page_id=2","title":{"rendered":"Geschichte des Hauses"},"content":{"rendered":"<p>Das Gutshaus Gro\u00df Salitz, im nord\u00f6stlichen Bereich des Biosh\u00e4renreservats Schaalsee gelegen, ist seit dem fr\u00fchen 14. Jahrhundert als Stammsitz derer von L\u00fctzow nachgewiesen. Das heutige Gutshaus ist Mitte des 17. Jahrhunderts in Fachwerkbauweise errichtet worden und geh\u00f6rt damit zu den \u00e4ltesten erhaltenen Gutsh\u00e4usern Mecklenburgs. In den 1920 Jahren wurde das Haus um einen gro\u00dfen, rechtwinklig versetzt errichteten Anbau erweitert. Anfang der 1970 Jahre wurde die Erdgeschossmauer der S\u00fcdfassade aufgrund von Fachwerksch\u00e4den durch eine massive Backsteinmauer ersetzt.<br>Bis Kriegsende in Familienbesitz mit Gutsbetrieb ist das Gutshaus ab 1945 vielf\u00e4ltig genutzt worden. Es diente zeitweise als Typhus-Krankenhaus, Fl\u00fcchtlingsunterkunft, Schule, Kindergarten, Poststelle, Konsum und LPG-B\u00fcro. Nach diversen kurzfristigen Eigent\u00fcmerwechseln ist das Haus seit 2019 in Privatbesitz. Eine schrittweise, denkmalgerechte Sanierung ist geplant.<\/p>\n\n\n<p>Eine weitere Orientierung bietet die Darstellung zum Gutshaus Gro\u00df Salitz auf den Internetseiten &#8222;Gutsh\u00e4user und Schl\u00f6sser in Mecklenburg-Vorpommern&#8220;: <\/p>\n\n\n\n<p><a rel=\"noreferrer noopener\" aria-label=\" (\u00f6ffnet in neuem Tab)\" href=\"https:\/\/gutshaeuser.de\/de\/guts_herrenhaeuser\/gutshaeuser_g\/gutshaus_gross_salitz\" target=\"_blank\">https:\/\/gutshaeuser.de\/de\/guts_herrenhaeuser\/gutshaeuser_g\/gutshaus_gross_salitz<\/a><\/p>\n\n\n\n<figure class=\"wp-block-gallery columns-3 is-cropped wp-block-gallery-1 is-layout-flex wp-block-gallery-is-layout-flex\"><ul class=\"blocks-gallery-grid\"><li class=\"blocks-gallery-item\"><figure><img loading=\"lazy\" decoding=\"async\" width=\"640\" height=\"360\" src=\"http:\/\/gutshaus-gross-salitz.de\/wp-content\/uploads\/2021\/02\/6.jpg\" alt=\"\" data-id=\"99\" data-full-url=\"http:\/\/gutshaus-gross-salitz.de\/wp-content\/uploads\/2021\/02\/6.jpg\" data-link=\"http:\/\/gutshaus-gross-salitz.de\/?attachment_id=99\" class=\"wp-image-99\" srcset=\"https:\/\/gutshaus-gross-salitz.de\/wp-content\/uploads\/2021\/02\/6.jpg 640w, https:\/\/gutshaus-gross-salitz.de\/wp-content\/uploads\/2021\/02\/6-300x169.jpg 300w\" sizes=\"auto, (max-width: 640px) 85vw, 640px\" \/><\/figure><\/li><li class=\"blocks-gallery-item\"><figure><img loading=\"lazy\" decoding=\"async\" width=\"640\" height=\"360\" src=\"http:\/\/gutshaus-gross-salitz.de\/wp-content\/uploads\/2021\/02\/7.jpg\" alt=\"\" data-id=\"101\" data-full-url=\"http:\/\/gutshaus-gross-salitz.de\/wp-content\/uploads\/2021\/02\/7.jpg\" data-link=\"http:\/\/gutshaus-gross-salitz.de\/?attachment_id=101\" class=\"wp-image-101\" srcset=\"https:\/\/gutshaus-gross-salitz.de\/wp-content\/uploads\/2021\/02\/7.jpg 640w, https:\/\/gutshaus-gross-salitz.de\/wp-content\/uploads\/2021\/02\/7-300x169.jpg 300w\" sizes=\"auto, (max-width: 640px) 85vw, 640px\" \/><\/figure><\/li><li class=\"blocks-gallery-item\"><figure><img loading=\"lazy\" decoding=\"async\" width=\"640\" height=\"360\" src=\"http:\/\/gutshaus-gross-salitz.de\/wp-content\/uploads\/2021\/02\/5.jpg\" alt=\"\" data-id=\"103\" data-full-url=\"http:\/\/gutshaus-gross-salitz.de\/wp-content\/uploads\/2021\/02\/5.jpg\" data-link=\"http:\/\/gutshaus-gross-salitz.de\/?attachment_id=103\" class=\"wp-image-103\" srcset=\"https:\/\/gutshaus-gross-salitz.de\/wp-content\/uploads\/2021\/02\/5.jpg 640w, https:\/\/gutshaus-gross-salitz.de\/wp-content\/uploads\/2021\/02\/5-300x169.jpg 300w\" sizes=\"auto, (max-width: 640px) 85vw, 640px\" \/><\/figure><\/li><li class=\"blocks-gallery-item\"><figure><img loading=\"lazy\" decoding=\"async\" width=\"640\" height=\"360\" src=\"http:\/\/gutshaus-gross-salitz.de\/wp-content\/uploads\/2021\/02\/9.jpg\" alt=\"\" data-id=\"102\" data-full-url=\"http:\/\/gutshaus-gross-salitz.de\/wp-content\/uploads\/2021\/02\/9.jpg\" data-link=\"http:\/\/gutshaus-gross-salitz.de\/?attachment_id=102\" class=\"wp-image-102\" srcset=\"https:\/\/gutshaus-gross-salitz.de\/wp-content\/uploads\/2021\/02\/9.jpg 640w, https:\/\/gutshaus-gross-salitz.de\/wp-content\/uploads\/2021\/02\/9-300x169.jpg 300w\" sizes=\"auto, (max-width: 640px) 85vw, 640px\" \/><\/figure><\/li><li class=\"blocks-gallery-item\"><figure><img loading=\"lazy\" decoding=\"async\" width=\"640\" height=\"360\" src=\"http:\/\/gutshaus-gross-salitz.de\/wp-content\/uploads\/2021\/02\/10.jpg\" alt=\"\" data-id=\"104\" data-full-url=\"http:\/\/gutshaus-gross-salitz.de\/wp-content\/uploads\/2021\/02\/10.jpg\" data-link=\"http:\/\/gutshaus-gross-salitz.de\/?attachment_id=104\" class=\"wp-image-104\" srcset=\"https:\/\/gutshaus-gross-salitz.de\/wp-content\/uploads\/2021\/02\/10.jpg 640w, https:\/\/gutshaus-gross-salitz.de\/wp-content\/uploads\/2021\/02\/10-300x169.jpg 300w\" sizes=\"auto, (max-width: 640px) 85vw, 640px\" \/><\/figure><\/li><\/ul><\/figure>\n","protected":false},"excerpt":{"rendered":"<p>Das Gutshaus Gro\u00df Salitz, im nord\u00f6stlichen Bereich des Biosh\u00e4renreservats Schaalsee gelegen, ist seit dem fr\u00fchen 14. Jahrhundert als Stammsitz derer von L\u00fctzow nachgewiesen. Das heutige Gutshaus ist Mitte des 17. Jahrhunderts in Fachwerkbauweise errichtet worden und geh\u00f6rt damit zu den \u00e4ltesten erhaltenen Gutsh\u00e4usern Mecklenburgs. In den 1920 Jahren wurde das Haus um einen gro\u00dfen, rechtwinklig &hellip; <a href=\"https:\/\/gutshaus-gross-salitz.de\/?page_id=2\" class=\"more-link\"><span class=\"screen-reader-text\">\u201eGeschichte des Hauses\u201c <\/span>weiterlesen<\/a><\/p>\n","protected":false},"author":1,"featured_media":0,"parent":0,"menu_order":0,"comment_status":"closed","ping_status":"open","template":"","meta":{"footnotes":""},"class_list":["post-2","page","type-page","status-publish","hentry"],"_links":{"self":[{"href":"https:\/\/gutshaus-gross-salitz.de\/index.php?rest_route=\/wp\/v2\/pages\/2","targetHints":{"allow":["GET"]}}],"collection":[{"href":"https:\/\/gutshaus-gross-salitz.de\/index.php?rest_route=\/wp\/v2\/pages"}],"about":[{"href":"https:\/\/gutshaus-gross-salitz.de\/index.php?rest_route=\/wp\/v2\/types\/page"}],"author":[{"embeddable":true,"href":"https:\/\/gutshaus-gross-salitz.de\/index.php?rest_route=\/wp\/v2\/users\/1"}],"replies":[{"embeddable":true,"href":"https:\/\/gutshaus-gross-salitz.de\/index.php?rest_route=%2Fwp%2Fv2%2Fcomments&post=2"}],"version-history":[{"count":8,"href":"https:\/\/gutshaus-gross-salitz.de\/index.php?rest_route=\/wp\/v2\/pages\/2\/revisions"}],"predecessor-version":[{"id":105,"href":"https:\/\/gutshaus-gross-salitz.de\/index.php?rest_route=\/wp\/v2\/pages\/2\/revisions\/105"}],"wp:attachment":[{"href":"https:\/\/gutshaus-gross-salitz.de\/index.php?rest_route=%2Fwp%2Fv2%2Fmedia&parent=2"}],"curies":[{"name":"wp","href":"https:\/\/api.w.org\/{rel}","templated":true}]}}