{"id":16,"date":"2020-03-29T12:04:49","date_gmt":"2020-03-29T12:04:49","guid":{"rendered":"http:\/\/gutshaus-gross-salitz.de\/?page_id=16"},"modified":"2021-02-01T20:26:06","modified_gmt":"2021-02-01T20:26:06","slug":"impressum","status":"publish","type":"page","link":"https:\/\/gutshaus-gross-salitz.de\/?page_id=16","title":{"rendered":"Impressum"},"content":{"rendered":"\n<p>Angaben gem\u00e4\u00df \u00a7 5 TMG:<\/p>\n\n\n\n<p>Freunde und F\u00f6rderer Gutshaus Gro\u00df  Salitz  e.V.<br>Gutshaus Gro\u00df Salitz<\/p>\n\n\n\n<p>Dorfmitte 1<\/p>\n\n\n\n<p>19205 Gro\u00df Salitz<\/p>\n\n\n\n<h3 class=\"wp-block-heading\">Vertreten durch:<\/h3>\n\n\n\n<p>Susanne Sohayegh<\/p>\n\n\n\n<p>Adresse wie oben<\/p>\n\n\n\n<h3 class=\"wp-block-heading\">Kontakt:<\/h3>\n\n\n\n<p>Telefon: +49 (0) 1573 1111411<br><br>E-Mail: susanne-sohayegh@freenet.de<\/p>\n\n\n\n<h3 class=\"wp-block-heading\">Registereintrag:<\/h3>\n\n\n\n<p>Eintragung im Vereinsregister<br>Registergericht: <br>Registernummer: <\/p>\n\n\n\n<p><strong>Verantwortlich f\u00fcr den Inhalt nach \u00a7 55 Abs. 2 RStV:<\/strong><\/p>\n\n\n\n<p>Susanne G\u00f6tz<br>Adresse wie oben<\/p>\n\n\n\n<p><strong>Bankverbindung:<\/strong><\/p>\n\n\n\n<p>Commerzbank L\u00fcbeck<\/p>\n\n\n\n<p>DE04 2304 0022 0024 7833 00<\/p>\n\n\n\n<h3 class=\"wp-block-heading\"><strong>Haftungsausschluss:<\/strong><\/h3>\n\n\n\n<p><strong>Haftung f\u00fcr Inhalte<\/strong><\/p>\n\n\n\n<p>Die Inhalte unserer Seiten wurden mit gr\u00f6\u00dfter Sorgfalt erstellt.&nbsp;F\u00fcr die Richtigkeit, Vollst\u00e4ndigkeit und Aktualit\u00e4t der Inhalte&nbsp;k\u00f6nnen wir jedoch keine Gew\u00e4hr \u00fcbernehmen. Als Diensteanbieter sind wir gem\u00e4\u00df \u00a7 7 Abs.1 TMG f\u00fcr&nbsp;eigene Inhalte auf diesen Seiten nach den allgemeinen Gesetzen verantwortlich.&nbsp;Nach \u00a7\u00a7 8 bis 10 TMG sind wir als Diensteanbieter jedoch nicht&nbsp;verpflichtet, \u00fcbermittelte oder gespeicherte fremde Informationen zu&nbsp;\u00fcberwachen oder nach Umst\u00e4nden zu forschen, die auf eine rechtswidrige&nbsp;T\u00e4tigkeit hinweisen. Verpflichtungen zur Entfernung oder Sperrung der&nbsp;Nutzung von Informationen nach den allgemeinen Gesetzen bleiben hiervon&nbsp;unber\u00fchrt. Eine diesbez\u00fcgliche Haftung ist jedoch erst ab dem&nbsp;Zeitpunkt der Kenntnis einer konkreten Rechtsverletzung m\u00f6glich. Bei&nbsp;Bekanntwerden von entsprechenden Rechtsverletzungen werden wir diese Inhalte&nbsp;umgehend entfernen.<\/p>\n\n\n\n<p><strong>Haftung f\u00fcr Links<\/strong><\/p>\n\n\n\n<p>Unser Angebot enth\u00e4lt Links zu externen Webseiten Dritter, auf deren&nbsp;Inhalte wir keinen Einfluss haben. Deshalb k\u00f6nnen wir f\u00fcr diese&nbsp;fremden Inhalte auch keine Gew\u00e4hr \u00fcbernehmen. F\u00fcr die Inhalte&nbsp;der verlinkten Seiten ist stets der jeweilige Anbieter oder Betreiber der&nbsp;Seiten verantwortlich. Die verlinkten Seiten wurden zum Zeitpunkt der Verlinkung&nbsp;auf m\u00f6gliche Rechtsverst\u00f6\u00dfe \u00fcberpr\u00fcft. Rechtswidrige&nbsp;Inhalte waren zum Zeitpunkt der Verlinkung nicht erkennbar. Eine permanente&nbsp;inhaltliche Kontrolle der verlinkten Seiten ist jedoch ohne konkrete Anhaltspunkte&nbsp;einer Rechtsverletzung nicht zumutbar. Bei Bekanntwerden von Rechtsverletzungen&nbsp;werden wir derartige Links umgehend entfernen.<\/p>\n\n\n\n<p><strong>Urheberrecht<\/strong><\/p>\n\n\n\n<p>Die durch die Seitenbetreiber erstellten Inhalte und Werke auf diesen Seiten&nbsp;unterliegen dem deutschen Urheberrecht. Die Vervielf\u00e4ltigung, Bearbeitung, Verbreitung und&nbsp;jede Art der Verwertung au\u00dferhalb der Grenzen des Urheberrechtes bed\u00fcrfen&nbsp;der schriftlichen Zustimmung des&nbsp;jeweiligen Autors bzw. Erstellers. Downloads&nbsp;und Kopien dieser Seite sind nur f\u00fcr den privaten, nicht kommerziellen&nbsp;Gebrauch gestattet. Soweit die Inhalte auf dieser Seite nicht vom Betreiber erstellt wurden,&nbsp;werden die Urheberrechte Dritter beachtet. Insbesondere werden Inhalte Dritter als solche&nbsp;gekennzeichnet. Sollten Sie trotzdem auf eine Urheberrechtsverletzung aufmerksam werden, bitten wir um einen entsprechenden Hinweis.&nbsp;Bei Bekanntwerden von Rechtsverletzungen werden wir derartige Inhalte umgehend entfernen.<\/p>\n\n\n\n<p><strong>Datenschutz<\/strong><\/p>\n\n\n\n<p>Die Nutzung unserer Webseite ist in der Regel ohne Angabe personenbezogener Daten m\u00f6glich. Soweit auf unseren Seiten personenbezogene Daten (beispielsweise Name,&nbsp;Anschrift oder eMail-Adressen) erhoben werden, erfolgt dies, soweit m\u00f6glich, stets auf freiwilliger Basis. Diese Daten werden ohne Ihre ausdr\u00fcckliche Zustimmung nicht an Dritte weitergegeben.<\/p>\n\n\n\n<p>Wir weisen darauf hin, dass die Daten\u00fcbertragung im Internet (z.B.&nbsp;bei der Kommunikation per E-Mail) Sicherheitsl\u00fccken aufweisen kann.&nbsp;Ein l\u00fcckenloser Schutz der Daten vor dem Zugriff durch Dritte ist nicht&nbsp;m\u00f6glich.<\/p>\n\n\n\n<p>Der Nutzung von im Rahmen der Impressumspflicht ver\u00f6ffentlichten Kontaktdaten&nbsp;durch Dritte zur \u00dcbersendung von nicht ausdr\u00fccklich angeforderter&nbsp;Werbung und Informationsmaterialien wird hiermit ausdr\u00fccklich widersprochen.&nbsp;Die Betreiber der Seiten behalten sich ausdr\u00fccklich rechtliche Schritte&nbsp;im Falle der unverlangten Zusendung von Werbeinformationen, etwa durch Spam-Mails,&nbsp;vor.<\/p>\n\n\n\n<p><\/p>\n\n\n\n<p><em>Impressum mit freundlicher Unterst\u00fctzung von <a rel=\"noreferrer noopener\" href=\"http:\/\/www.e-recht24.de\" target=\"_blank\">e-Recht24.de<\/a> und <a rel=\"noreferrer noopener\" href=\"http:\/\/www.e-recht24.de\/muster-disclaimer.htm\" target=\"_blank\">Disclaimer eRecht24<\/a>&nbsp;<\/em><\/p>\n","protected":false},"excerpt":{"rendered":"<p>Angaben gem\u00e4\u00df \u00a7 5 TMG: Freunde und F\u00f6rderer Gutshaus Gro\u00df Salitz e.V.Gutshaus Gro\u00df Salitz Dorfmitte 1 19205 Gro\u00df Salitz Vertreten durch: Susanne Sohayegh Adresse wie oben Kontakt: Telefon: +49 (0) 1573 1111411 E-Mail: susanne-sohayegh@freenet.de Registereintrag: Eintragung im VereinsregisterRegistergericht: Registernummer: Verantwortlich f\u00fcr den Inhalt nach \u00a7 55 Abs. 2 RStV: Susanne G\u00f6tzAdresse wie oben Bankverbindung: Commerzbank &hellip; <a href=\"https:\/\/gutshaus-gross-salitz.de\/?page_id=16\" class=\"more-link\"><span class=\"screen-reader-text\">\u201eImpressum\u201c <\/span>weiterlesen<\/a><\/p>\n","protected":false},"author":1,"featured_media":0,"parent":0,"menu_order":0,"comment_status":"closed","ping_status":"closed","template":"","meta":{"footnotes":""},"class_list":["post-16","page","type-page","status-publish","hentry"],"_links":{"self":[{"href":"https:\/\/gutshaus-gross-salitz.de\/index.php?rest_route=\/wp\/v2\/pages\/16","targetHints":{"allow":["GET"]}}],"collection":[{"href":"https:\/\/gutshaus-gross-salitz.de\/index.php?rest_route=\/wp\/v2\/pages"}],"about":[{"href":"https:\/\/gutshaus-gross-salitz.de\/index.php?rest_route=\/wp\/v2\/types\/page"}],"author":[{"embeddable":true,"href":"https:\/\/gutshaus-gross-salitz.de\/index.php?rest_route=\/wp\/v2\/users\/1"}],"replies":[{"embeddable":true,"href":"https:\/\/gutshaus-gross-salitz.de\/index.php?rest_route=%2Fwp%2Fv2%2Fcomments&post=16"}],"version-history":[{"count":4,"href":"https:\/\/gutshaus-gross-salitz.de\/index.php?rest_route=\/wp\/v2\/pages\/16\/revisions"}],"predecessor-version":[{"id":89,"href":"https:\/\/gutshaus-gross-salitz.de\/index.php?rest_route=\/wp\/v2\/pages\/16\/revisions\/89"}],"wp:attachment":[{"href":"https:\/\/gutshaus-gross-salitz.de\/index.php?rest_route=%2Fwp%2Fv2%2Fmedia&parent=16"}],"curies":[{"name":"wp","href":"https:\/\/api.w.org\/{rel}","templated":true}]}}